{"id":69,"date":"2023-07-24T00:16:53","date_gmt":"2023-07-23T22:16:53","guid":{"rendered":"http:\/\/gpppz.pl\/?page_id=69"},"modified":"2025-04-23T07:17:22","modified_gmt":"2025-04-23T05:17:22","slug":"komunikaty","status":"publish","type":"page","link":"https:\/\/gpppz.pl\/en\/komunikaty\/","title":{"rendered":"Komunikaty 2025"},"content":{"rendered":"<p>Komunikat nr 1\/2025 \u2013 Monta\u017c GPS<\/p>\n<p>Komunikat nr 2\/2025 \u2013 \u015arednie pr\u0119dko\u015bci<\/p>\n<p>HARMONOGRAM GPPPZ 2025<\/p>\n<p>e-odprawa GPPPZ 2024 PL<\/p>\n<p>e- odprawa GPPPZ 2024 EN<\/p>","protected":false},"excerpt":{"rendered":"<p>Komunikat nr 1\/2025 \u2013 Monta\u017c GPS Komunikat nr 2\/2025 \u2013 \u015arednie pr\u0119dko\u015bci HARMONOGRAM GPPPZ 2025 e-odprawa GPPPZ 2024 PL e- odprawa GPPPZ 2024 EN<\/p>","protected":false},"author":1,"featured_media":0,"parent":0,"menu_order":0,"comment_status":"closed","ping_status":"closed","template":"","meta":{"footnotes":""},"class_list":["post-69","page","type-page","status-publish","hentry"],"_links":{"self":[{"href":"https:\/\/gpppz.pl\/en\/wp-json\/wp\/v2\/pages\/69","targetHints":{"allow":["GET"]}}],"collection":[{"href":"https:\/\/gpppz.pl\/en\/wp-json\/wp\/v2\/pages"}],"about":[{"href":"https:\/\/gpppz.pl\/en\/wp-json\/wp\/v2\/types\/page"}],"author":[{"embeddable":true,"href":"https:\/\/gpppz.pl\/en\/wp-json\/wp\/v2\/users\/1"}],"replies":[{"embeddable":true,"href":"https:\/\/gpppz.pl\/en\/wp-json\/wp\/v2\/comments?post=69"}],"version-history":[{"count":19,"href":"https:\/\/gpppz.pl\/en\/wp-json\/wp\/v2\/pages\/69\/revisions"}],"predecessor-version":[{"id":604,"href":"https:\/\/gpppz.pl\/en\/wp-json\/wp\/v2\/pages\/69\/revisions\/604"}],"wp:attachment":[{"href":"https:\/\/gpppz.pl\/en\/wp-json\/wp\/v2\/media?parent=69"}],"curies":[{"name":"wp","href":"https:\/\/api.w.org\/{rel}","templated":true}]}}