{"id":79,"date":"2023-07-24T00:33:15","date_gmt":"2023-07-23T22:33:15","guid":{"rendered":"http:\/\/gpppz.pl\/?page_id=79"},"modified":"2023-07-24T00:35:05","modified_gmt":"2023-07-23T22:35:05","slug":"witold-rychter","status":"publish","type":"page","link":"https:\/\/gpppz.pl\/en\/witold-rychter\/","title":{"rendered":"Witold Rychter"},"content":{"rendered":"<p><img loading=\"lazy\" decoding=\"async\" class=\"size-full wp-image-80 alignleft\" src=\"http:\/\/gpppz.pl\/wp-content\/uploads\/2023\/07\/Witold-Rychter.jpg\" alt=\"\" width=\"300\" height=\"286\" \/><\/p>\n<p>Kim by\u0142 Witold Rychter?<\/p>\n<p>In\u017c. Witold Rychter (1902-1984r) motocyklista, samochodziarz, pilot i publicysta.<\/p>\n<p>Autor ksi\u0105\u017cek o motoryzacji.<\/p>\n<p>W\u0142a\u015bnie po lekturze ksi\u0105\u017cki pt. \u201eMoje dwa i cztery k\u00f3\u0142ka\u201d i po przestudiowaniu archiwum rodzinnego postanowili\u015bmy w tym roku reaktywowa\u0107 DU\u017bE rajdy samochodowe.<\/p>\n<p>O Witoldzie, jego \u017cyciu, szalonych pi\u0119knych czasach i jego wyprawach przez Europ\u0119 przeczytacie we wspania\u0142ym tek\u015bcie na\u00a0<a href=\"http:\/\/web.archive.org\/web\/20211023170818\/http:\/\/www.automobilownia.pl\/automobilista-doskonaly\/\">www.automobilownia.pl\/automobilista-doskonaly\/<\/a><\/p>\n<p>Zdj\u0119cia z wypraw automobilowych po Europie i na rajd Monte Carlo znajdziecie w rodzinnym archiwum Pa\u0144stwa Rychter\u00f3w pod adresem\u00a0<a href=\"http:\/\/web.archive.org\/web\/20211023170818\/https:\/\/archiwa.rychter.com\/\">www.archiwa.rychter.com<\/a><\/p>\n<p>Pom\u00f3\u017ccie nam utrzyma\u0107 pami\u0119\u0107 o Polskich kierowcach rajdowych i wy\u015bcigowych.<\/p>","protected":false},"excerpt":{"rendered":"<p>Kim by\u0142 Witold Rychter? In\u017c. Witold Rychter (1902-1984r) motocyklista, samochodziarz, pilot i publicysta. Autor ksi\u0105\u017cek o motoryzacji. W\u0142a\u015bnie po lekturze ksi\u0105\u017cki pt. \u201eMoje dwa i cztery k\u00f3\u0142ka\u201d i po przestudiowaniu archiwum rodzinnego postanowili\u015bmy w tym roku reaktywowa\u0107 DU\u017bE rajdy samochodowe. O Witoldzie, jego \u017cyciu, szalonych pi\u0119knych czasach i jego wyprawach przez Europ\u0119 przeczytacie we wspania\u0142ym [&hellip;]<\/p>","protected":false},"author":1,"featured_media":80,"parent":0,"menu_order":0,"comment_status":"closed","ping_status":"closed","template":"","meta":{"footnotes":""},"class_list":["post-79","page","type-page","status-publish","has-post-thumbnail","hentry"],"_links":{"self":[{"href":"https:\/\/gpppz.pl\/en\/wp-json\/wp\/v2\/pages\/79","targetHints":{"allow":["GET"]}}],"collection":[{"href":"https:\/\/gpppz.pl\/en\/wp-json\/wp\/v2\/pages"}],"about":[{"href":"https:\/\/gpppz.pl\/en\/wp-json\/wp\/v2\/types\/page"}],"author":[{"embeddable":true,"href":"https:\/\/gpppz.pl\/en\/wp-json\/wp\/v2\/users\/1"}],"replies":[{"embeddable":true,"href":"https:\/\/gpppz.pl\/en\/wp-json\/wp\/v2\/comments?post=79"}],"version-history":[{"count":3,"href":"https:\/\/gpppz.pl\/en\/wp-json\/wp\/v2\/pages\/79\/revisions"}],"predecessor-version":[{"id":99,"href":"https:\/\/gpppz.pl\/en\/wp-json\/wp\/v2\/pages\/79\/revisions\/99"}],"wp:featuredmedia":[{"embeddable":true,"href":"https:\/\/gpppz.pl\/en\/wp-json\/wp\/v2\/media\/80"}],"wp:attachment":[{"href":"https:\/\/gpppz.pl\/en\/wp-json\/wp\/v2\/media?parent=79"}],"curies":[{"name":"wp","href":"https:\/\/api.w.org\/{rel}","templated":true}]}}